{"id":54,"date":"2022-09-09T22:45:59","date_gmt":"2022-09-09T20:45:59","guid":{"rendered":"https:\/\/shop.zauberlounge.de\/?post_type=product&#038;p=54"},"modified":"2022-12-11T01:01:57","modified_gmt":"2022-12-11T00:01:57","slug":"grusskartenset-edizione-fiori-no-1-4-grusskarten-inkl-briefumschlaege","status":"publish","type":"product","link":"https:\/\/shop.zauberlounge.de\/en\/shop\/grusskartenset-edizione-fiori-no-1-4-grusskarten-inkl-briefumschlaege\/","title":{"rendered":"Gru\u00dfkartenset &#8211; Edizione Fiori No.1<br \/>4 Gru\u00dfkarten inkl. Briefumschl\u00e4ge"},"content":{"rendered":"<p>Gru\u00dfkartenset mit Geschenkbox<br \/>\nBlumen in vielen Farben und Variationen.<br \/>\nGedruckt nach von mir handgemalten Original Aquarellen.<\/p>\n<p>Das florale Design zaubert einen Hauch von italienischer Lebensfreude in deinen Alltag.<br \/>\nDie Klappkarten dienen als Inspiration, deine Gedanken mit Stift und auf Papier fest zu halten<br \/>\noder im Ganzen als Geschenk weiterzureichen, um anderen eine Freude zu bereiten.<\/p>\n<p>Die Geschenkboxen werden von mir einzeln h\u00e4ndisch hergestellt.<br \/>\nDie Gru\u00dfkarten wurden auf hochwertigem Diplomatenkarton gedruckt und k\u00f6nnen mit Standardporto<br \/>\nverschickt werden.<\/p>\n<p>Im Set sind vier Gru\u00dfkarten (Motive auf Vordermann- und R\u00fcckseite), vier<br \/>\nseidengef\u00fctterte passende Briefumschl\u00e4ge und die Geschenkbox enthalten.<\/p>\n<p>Ma\u00dfe:<br \/>\nBriefumschl\u00e4ge L: 18,0 cm | B: 11,6cm<br \/>\nGru\u00dfkarten L: 17,0 cm | B: 11,0 cm<br \/>\nGru\u00dfkartenbox L: 18,5 cm | 12,0 cm | H: 1,0 cm<\/p>\n","protected":false},"excerpt":{"rendered":"<p>Gru\u00dfkartenset mit Geschenkbox<br \/>\nBlumen in vielen Farben und Variationen.<br \/>\nGedruckt nach von mir handgemalten Original Aquarellen.<\/p>\n<p>Das florale Design zaubert einen Hauch von italienischer Lebensfreude in deinen Alltag.<br \/>\nDie Klappkarten dienen als Inspiration, deine Gedanken mit Stift und auf Papier fest zu halten<br \/>\noder im Ganzen als Geschenk weiterzureichen, um anderen eine Freude zu bereiten.<\/p>\n<p>Die Geschenkboxen werden von mir einzeln h\u00e4ndisch hergestellt.<br \/>\nDie Gru\u00dfkarten wurden auf hochwertigem Diplomatenkarton gedruckt und k\u00f6nnen mit Standardporto<br \/>\nverschickt werden.<\/p>\n<p>Im Set sind vier Gru\u00dfkarten (Motive auf Vordermann- und R\u00fcckseite), vier<br \/>\nseidengef\u00fctterte passende Briefumschl\u00e4ge und die Geschenkbox enthalten.<\/p>\n<p>Ma\u00dfe:<br \/>\nBriefumschl\u00e4ge L: 18,0 cm | B: 11,6cm<br \/>\nGru\u00dfkarten L: 17,0 cm | B: 11,0 cm<br \/>\nGru\u00dfkartenbox L: 18,5 cm | 12,0 cm | H: 1,0 cm<\/p>\n","protected":false},"featured_media":1798,"comment_status":"open","ping_status":"closed","template":"","meta":{"site-sidebar-layout":"default","site-content-layout":"default","ast-site-content-layout":"","site-content-style":"default","site-sidebar-style":"default","ast-global-header-display":"","ast-banner-title-visibility":"","ast-main-header-display":"","ast-hfb-above-header-display":"","ast-hfb-below-header-display":"","ast-hfb-mobile-header-display":"","site-post-title":"","ast-breadcrumbs-content":"","ast-featured-img":"","footer-sml-layout":"","theme-transparent-header-meta":"default","adv-header-id-meta":"","stick-header-meta":"default","header-above-stick-meta":"","header-main-stick-meta":"","header-below-stick-meta":"","astra-migrate-meta-layouts":"default","ast-page-background-enabled":"default","ast-page-background-meta":{"desktop":{"background-color":"var(--ast-global-color-4)","background-image":"","background-repeat":"repeat","background-position":"center center","background-size":"auto","background-attachment":"scroll","background-type":"","background-media":"","overlay-type":"","overlay-color":"","overlay-opacity":"","overlay-gradient":""},"tablet":{"background-color":"","background-image":"","background-repeat":"repeat","background-position":"center center","background-size":"auto","background-attachment":"scroll","background-type":"","background-media":"","overlay-type":"","overlay-color":"","overlay-opacity":"","overlay-gradient":""},"mobile":{"background-color":"","background-image":"","background-repeat":"repeat","background-position":"center center","background-size":"auto","background-attachment":"scroll","background-type":"","background-media":"","overlay-type":"","overlay-color":"","overlay-opacity":"","overlay-gradient":""}},"ast-content-background-meta":{"desktop":{"background-color":"var(--ast-global-color-5)","background-image":"","background-repeat":"repeat","background-position":"center center","background-size":"auto","background-attachment":"scroll","background-type":"","background-media":"","overlay-type":"","overlay-color":"","overlay-opacity":"","overlay-gradient":""},"tablet":{"background-color":"var(--ast-global-color-5)","background-image":"","background-repeat":"repeat","background-position":"center center","background-size":"auto","background-attachment":"scroll","background-type":"","background-media":"","overlay-type":"","overlay-color":"","overlay-opacity":"","overlay-gradient":""},"mobile":{"background-color":"var(--ast-global-color-5)","background-image":"","background-repeat":"repeat","background-position":"center center","background-size":"auto","background-attachment":"scroll","background-type":"","background-media":"","overlay-type":"","overlay-color":"","overlay-opacity":"","overlay-gradient":""}}},"product_brand":[],"product_cat":[88],"product_tag":[],"class_list":{"0":"post-54","1":"product","2":"type-product","3":"status-publish","4":"has-post-thumbnail","6":"product_cat-grusskarten","7":"desktop-align-center","8":"tablet-align-left","9":"mobile-align-left","10":"ast-product-gallery-layout-horizontal-slider","11":"ast-magnify-disabled","13":"first","14":"instock","15":"featured","16":"taxable","17":"shipping-taxable","18":"purchasable","19":"product-type-simple"},"_links":{"self":[{"href":"https:\/\/shop.zauberlounge.de\/en\/wp-json\/wp\/v2\/product\/54","targetHints":{"allow":["GET"]}}],"collection":[{"href":"https:\/\/shop.zauberlounge.de\/en\/wp-json\/wp\/v2\/product"}],"about":[{"href":"https:\/\/shop.zauberlounge.de\/en\/wp-json\/wp\/v2\/types\/product"}],"replies":[{"embeddable":true,"href":"https:\/\/shop.zauberlounge.de\/en\/wp-json\/wp\/v2\/comments?post=54"}],"version-history":[{"count":1,"href":"https:\/\/shop.zauberlounge.de\/en\/wp-json\/wp\/v2\/product\/54\/revisions"}],"predecessor-version":[{"id":5482,"href":"https:\/\/shop.zauberlounge.de\/en\/wp-json\/wp\/v2\/product\/54\/revisions\/5482"}],"wp:featuredmedia":[{"embeddable":true,"href":"https:\/\/shop.zauberlounge.de\/en\/wp-json\/wp\/v2\/media\/1798"}],"wp:attachment":[{"href":"https:\/\/shop.zauberlounge.de\/en\/wp-json\/wp\/v2\/media?parent=54"}],"wp:term":[{"taxonomy":"product_brand","embeddable":true,"href":"https:\/\/shop.zauberlounge.de\/en\/wp-json\/wp\/v2\/product_brand?post=54"},{"taxonomy":"product_cat","embeddable":true,"href":"https:\/\/shop.zauberlounge.de\/en\/wp-json\/wp\/v2\/product_cat?post=54"},{"taxonomy":"product_tag","embeddable":true,"href":"https:\/\/shop.zauberlounge.de\/en\/wp-json\/wp\/v2\/product_tag?post=54"}],"curies":[{"name":"wp","href":"https:\/\/api.w.org\/{rel}","templated":true}]}}