{"id":1806,"date":"2022-09-12T17:43:36","date_gmt":"2022-09-12T15:43:36","guid":{"rendered":"https:\/\/shop.zauberlounge.de\/?post_type=product&#038;p=1806"},"modified":"2023-03-13T23:14:49","modified_gmt":"2023-03-13T22:14:49","slug":"der-regenbogenmann-timmy-rettet-den-elfenfabelwesenwald","status":"publish","type":"product","link":"https:\/\/shop.zauberlounge.de\/en\/shop\/der-regenbogenmann-timmy-rettet-den-elfenfabelwesenwald\/","title":{"rendered":"Der Regenbogenmann<br \/>Timmy rettet den Elfenfabelwesenwald"},"content":{"rendered":"<p><strong>Informationen:<\/strong><\/p>\n<p>Sprecher: Jan Dober<br \/>\nZeichnung: Wolf Burow<br \/>\nIllustration: Melanie Seitz<\/p>\n<p>CD-Ausgabe, ca. 42 Minuten Laufzeit.<br \/>\nVer\u00f6ffentlichung: 30.04.2012<\/p>\n<p><strong>Inhalt:<\/strong><br \/>\nLeon, Timmys \u00e4lterer Bruder, ist ein Freund der Elfen und Zauberer aus dem Elfenfabelwesenwald. Die Geschichten, die er dort erlebt, erz\u00e4hlt er Timmy jeden Abend zum Schlafengehen. Eines Nachts fing Timmy an, von dem b\u00f6se Zauberer Finsterblick zu tr\u00e4umen. Der Zauberer aus dem D\u00fcsterland heckte einen gemeinen Plan aus. Er wollte den Tieren und B\u00e4umen des Waldes die Farben nehmen, um selber dort zu wohnen. Voller Neugierde, wie die Geschichte weitergeht, wartet Timmy am folgenden Abend auf Leon, doch dieser ist verschwunden. Pl\u00f6tzlich tauchte die kleine Elfe Emily auf und nahm Timmy mit auf eine abenteuerliche Reise in den Elfenfabelwesenwald.<\/p>\n<p><strong>Kapitel:<\/strong><br \/>\n01 Der Regenbogenmann<br \/>\n02 Timmy, der kleine Junge<br \/>\n03 Begegnung mit der Elfe<br \/>\n04 Ankunft im Elfenfabelwesenwald<br \/>\n05 Die Zaubersachen<br \/>\n06 Der Weg ins D\u00fcsterland<br \/>\n07 Der b\u00f6se Zauberer Finsterblick<br \/>\n08 In der dunklen Finsterburg<br \/>\n09 Heimreise<\/p>\n","protected":false},"excerpt":{"rendered":"<p><strong>Informationen:<\/strong><\/p>\n<p>Sprecher: Jan Dober<br \/>\nZeichnung: Wolf Burow<br \/>\nIllustration: Melanie Seitz<\/p>\n<p>CD-Ausgabe, ca. 42 Minuten Laufzeit.<br \/>\nVer\u00f6ffentlichung: 30.04.2012<\/p>\n<p><strong>Inhalt:<\/strong><br \/>\nLeon, Timmys \u00e4lterer Bruder, ist ein Freund der Elfen und Zauberer aus dem Elfenfabelwesenwald. Die Geschichten, die er dort erlebt, erz\u00e4hlt er Timmy jeden Abend zum Schlafengehen. Eines Nachts fing Timmy an, von dem b\u00f6se Zauberer Finsterblick zu tr\u00e4umen. Der Zauberer aus dem D\u00fcsterland heckte einen gemeinen Plan aus. Er wollte den Tieren und B\u00e4umen des Waldes die Farben nehmen, um selber dort zu wohnen. Voller Neugierde, wie die Geschichte weitergeht, wartet Timmy am folgenden Abend auf Leon, doch dieser ist verschwunden. Pl\u00f6tzlich tauchte die kleine Elfe Emily auf und nahm Timmy mit auf eine abenteuerliche Reise in den Elfenfabelwesenwald.<\/p>\n<p><strong>Kapitel:<\/strong><br \/>\n01 Der Regenbogenmann<br \/>\n02 Timmy, der kleine Junge<br \/>\n03 Begegnung mit der Elfe<br \/>\n04 Ankunft im Elfenfabelwesenwald<br \/>\n05 Die Zaubersachen<br \/>\n06 Der Weg ins D\u00fcsterland<br \/>\n07 Der b\u00f6se Zauberer Finsterblick<br \/>\n08 In der dunklen Finsterburg<br \/>\n09 Heimreise<\/p>\n","protected":false},"featured_media":1807,"comment_status":"open","ping_status":"closed","template":"","meta":{"site-sidebar-layout":"default","site-content-layout":"default","ast-site-content-layout":"","site-content-style":"default","site-sidebar-style":"default","ast-global-header-display":"","ast-banner-title-visibility":"","ast-main-header-display":"","ast-hfb-above-header-display":"","ast-hfb-below-header-display":"","ast-hfb-mobile-header-display":"","site-post-title":"","ast-breadcrumbs-content":"","ast-featured-img":"","footer-sml-layout":"","theme-transparent-header-meta":"default","adv-header-id-meta":"","stick-header-meta":"default","header-above-stick-meta":"","header-main-stick-meta":"","header-below-stick-meta":"","astra-migrate-meta-layouts":"default","ast-page-background-enabled":"default","ast-page-background-meta":{"desktop":{"background-color":"var(--ast-global-color-4)","background-image":"","background-repeat":"repeat","background-position":"center center","background-size":"auto","background-attachment":"scroll","background-type":"","background-media":"","overlay-type":"","overlay-color":"","overlay-opacity":"","overlay-gradient":""},"tablet":{"background-color":"","background-image":"","background-repeat":"repeat","background-position":"center center","background-size":"auto","background-attachment":"scroll","background-type":"","background-media":"","overlay-type":"","overlay-color":"","overlay-opacity":"","overlay-gradient":""},"mobile":{"background-color":"","background-image":"","background-repeat":"repeat","background-position":"center center","background-size":"auto","background-attachment":"scroll","background-type":"","background-media":"","overlay-type":"","overlay-color":"","overlay-opacity":"","overlay-gradient":""}},"ast-content-background-meta":{"desktop":{"background-color":"var(--ast-global-color-5)","background-image":"","background-repeat":"repeat","background-position":"center center","background-size":"auto","background-attachment":"scroll","background-type":"","background-media":"","overlay-type":"","overlay-color":"","overlay-opacity":"","overlay-gradient":""},"tablet":{"background-color":"var(--ast-global-color-5)","background-image":"","background-repeat":"repeat","background-position":"center center","background-size":"auto","background-attachment":"scroll","background-type":"","background-media":"","overlay-type":"","overlay-color":"","overlay-opacity":"","overlay-gradient":""},"mobile":{"background-color":"var(--ast-global-color-5)","background-image":"","background-repeat":"repeat","background-position":"center center","background-size":"auto","background-attachment":"scroll","background-type":"","background-media":"","overlay-type":"","overlay-color":"","overlay-opacity":"","overlay-gradient":""}}},"product_brand":[],"product_cat":[90],"product_tag":[],"class_list":{"0":"post-1806","1":"product","2":"type-product","3":"status-publish","4":"has-post-thumbnail","6":"product_cat-hoerbuecher","7":"desktop-align-center","8":"tablet-align-left","9":"mobile-align-left","10":"ast-product-gallery-layout-horizontal-slider","11":"ast-product-gallery-with-no-image","12":"ast-magnify-disabled","14":"first","15":"instock","16":"sale","17":"featured","18":"taxable","19":"shipping-taxable","20":"purchasable","21":"product-type-simple"},"_links":{"self":[{"href":"https:\/\/shop.zauberlounge.de\/en\/wp-json\/wp\/v2\/product\/1806","targetHints":{"allow":["GET"]}}],"collection":[{"href":"https:\/\/shop.zauberlounge.de\/en\/wp-json\/wp\/v2\/product"}],"about":[{"href":"https:\/\/shop.zauberlounge.de\/en\/wp-json\/wp\/v2\/types\/product"}],"replies":[{"embeddable":true,"href":"https:\/\/shop.zauberlounge.de\/en\/wp-json\/wp\/v2\/comments?post=1806"}],"version-history":[{"count":2,"href":"https:\/\/shop.zauberlounge.de\/en\/wp-json\/wp\/v2\/product\/1806\/revisions"}],"predecessor-version":[{"id":5477,"href":"https:\/\/shop.zauberlounge.de\/en\/wp-json\/wp\/v2\/product\/1806\/revisions\/5477"}],"wp:featuredmedia":[{"embeddable":true,"href":"https:\/\/shop.zauberlounge.de\/en\/wp-json\/wp\/v2\/media\/1807"}],"wp:attachment":[{"href":"https:\/\/shop.zauberlounge.de\/en\/wp-json\/wp\/v2\/media?parent=1806"}],"wp:term":[{"taxonomy":"product_brand","embeddable":true,"href":"https:\/\/shop.zauberlounge.de\/en\/wp-json\/wp\/v2\/product_brand?post=1806"},{"taxonomy":"product_cat","embeddable":true,"href":"https:\/\/shop.zauberlounge.de\/en\/wp-json\/wp\/v2\/product_cat?post=1806"},{"taxonomy":"product_tag","embeddable":true,"href":"https:\/\/shop.zauberlounge.de\/en\/wp-json\/wp\/v2\/product_tag?post=1806"}],"curies":[{"name":"wp","href":"https:\/\/api.w.org\/{rel}","templated":true}]}}