{"id":1799,"date":"2022-09-12T16:51:23","date_gmt":"2022-09-12T14:51:23","guid":{"rendered":"https:\/\/shop.zauberlounge.de\/?post_type=product&#038;p=1799"},"modified":"2023-03-13T23:15:46","modified_gmt":"2023-03-13T22:15:46","slug":"das-koenigreich-der-bitterkalten-winde-der-ring-des-drachen-audiobook","status":"publish","type":"product","link":"https:\/\/shop.zauberlounge.de\/en\/shop\/das-koenigreich-der-bitterkalten-winde-der-ring-des-drachen-audiobook\/","title":{"rendered":"Das K\u00f6nigreich der bitterkalten Winde<br \/>Der Ring des Drachen"},"content":{"rendered":"<p><strong>Informationen:<\/strong><br \/>\nEine abenteuerliche Rittergeschichte f\u00fcr<br \/>\nMenschen ab 4 Jahren.<\/p>\n<p>Sprecher: Jan Dober<br \/>\nIllustration: Stefanie Bokeloh<\/p>\n<p>CD-Ausgabe, ca. 44 Minuten Laufzeit.<br \/>\nVer\u00f6ffentlichung: 01.07.2015<\/p>\n<p><strong>Inhalt:<\/strong><br \/>\nDas K\u00f6nigreich der bitterkalten Winde liegt weit verborgen im hohen Norden. Hier herrscht der weise K\u00f6nig Archibald der Mutige mit seiner bezaubernden K\u00f6nigin Schubidubidala. Nachdem es dem K\u00f6nig gelang die Prinzessin des Fr\u00fchlings aus der Gefangenschaft von Finsterblick, dem b\u00f6sen Zauberer zu befreien, schenkte sie ihm den Ring des Drachen Gr\u00e4bakur. Doch Balduwin von Schattenherz, der schwarze Ritter, hat den Ring des Drachen aus dem Schloss des K\u00f6nigs gestohlen, um f\u00fcr sich dessen Zauberkr\u00e4fte zu nutzen. Das K\u00f6nigreich schwebt in gro\u00dfer Gefahr. K\u00f6nnen die drei Kinder Tamin ein kleiner Knappe, S\u00f6lvi ein kleines M\u00e4dchen und Max der kleine Gauklerjunge das K\u00f6nigreich retten?<\/p>\n<p><strong>Kapitel:<\/strong><br \/>\n01 Das K\u00f6nigreich der bitterkalten Winde<br \/>\n02 K\u00f6nig Archibald der Mutige<br \/>\n03 Das Geburtstagsfest<br \/>\n04 Bei den St\u00e4llen<br \/>\n05 B\u00e4renjagd<br \/>\n06 Gefahren im Wald<br \/>\n07 Die Ritterburg<br \/>\n08 Finsterblick der b\u00f6se Zauberer<br \/>\n09 Heimkehr<\/p>\n<p>Bonus<br \/>\n10 Er\u00f6ffnungsmusik<br \/>\n11 Die drei Federn des Drachen (ein M\u00e4rchen aus Schwaben)<\/p>\n","protected":false},"excerpt":{"rendered":"<p><strong>Informationen:<\/strong><br \/>\nEine abenteuerliche Rittergeschichte f\u00fcr<br \/>\nMenschen ab 4 Jahren.<\/p>\n<p>Sprecher: Jan Dober<br \/>\nIllustration: Stefanie Bokeloh<\/p>\n<p>CD-Ausgabe, ca. 44 Minuten Laufzeit.<br \/>\nVer\u00f6ffentlichung: 01.07.2015<\/p>\n<p><strong>Inhalt:<\/strong><br \/>\nDas K\u00f6nigreich der bitterkalten Winde liegt weit verborgen im hohen Norden. Hier herrscht der weise K\u00f6nig Archibald der Mutige mit seiner bezaubernden K\u00f6nigin Schubidubidala. Nachdem es dem K\u00f6nig gelang die Prinzessin des Fr\u00fchlings aus der Gefangenschaft von Finsterblick, dem b\u00f6sen Zauberer zu befreien, schenkte sie ihm den Ring des Drachen Gr\u00e4bakur. Doch Balduwin von Schattenherz, der schwarze Ritter, hat den Ring des Drachen aus dem Schloss des K\u00f6nigs gestohlen, um f\u00fcr sich dessen Zauberkr\u00e4fte zu nutzen. Das K\u00f6nigreich schwebt in gro\u00dfer Gefahr. K\u00f6nnen die drei Kinder Tamin ein kleiner Knappe, S\u00f6lvi ein kleines M\u00e4dchen und Max der kleine Gauklerjunge das K\u00f6nigreich retten?<\/p>\n<p><strong>Kapitel:<\/strong><br \/>\n01 Das K\u00f6nigreich der bitterkalten Winde<br \/>\n02 K\u00f6nig Archibald der Mutige<br \/>\n03 Das Geburtstagsfest<br \/>\n04 Bei den St\u00e4llen<br \/>\n05 B\u00e4renjagd<br \/>\n06 Gefahren im Wald<br \/>\n07 Die Ritterburg<br \/>\n08 Finsterblick der b\u00f6se Zauberer<br \/>\n09 Heimkehr<\/p>\n<p>Bonus<br \/>\n10 Er\u00f6ffnungsmusik<br \/>\n11 Die drei Federn des Drachen (ein M\u00e4rchen aus Schwaben)<\/p>\n","protected":false},"featured_media":1800,"comment_status":"open","ping_status":"closed","template":"","meta":{"site-sidebar-layout":"default","site-content-layout":"default","ast-site-content-layout":"","site-content-style":"default","site-sidebar-style":"default","ast-global-header-display":"","ast-banner-title-visibility":"","ast-main-header-display":"","ast-hfb-above-header-display":"","ast-hfb-below-header-display":"","ast-hfb-mobile-header-display":"","site-post-title":"","ast-breadcrumbs-content":"","ast-featured-img":"","footer-sml-layout":"","theme-transparent-header-meta":"default","adv-header-id-meta":"","stick-header-meta":"default","header-above-stick-meta":"","header-main-stick-meta":"","header-below-stick-meta":"","astra-migrate-meta-layouts":"default","ast-page-background-enabled":"default","ast-page-background-meta":{"desktop":{"background-color":"var(--ast-global-color-4)","background-image":"","background-repeat":"repeat","background-position":"center center","background-size":"auto","background-attachment":"scroll","background-type":"","background-media":"","overlay-type":"","overlay-color":"","overlay-opacity":"","overlay-gradient":""},"tablet":{"background-color":"","background-image":"","background-repeat":"repeat","background-position":"center center","background-size":"auto","background-attachment":"scroll","background-type":"","background-media":"","overlay-type":"","overlay-color":"","overlay-opacity":"","overlay-gradient":""},"mobile":{"background-color":"","background-image":"","background-repeat":"repeat","background-position":"center center","background-size":"auto","background-attachment":"scroll","background-type":"","background-media":"","overlay-type":"","overlay-color":"","overlay-opacity":"","overlay-gradient":""}},"ast-content-background-meta":{"desktop":{"background-color":"var(--ast-global-color-5)","background-image":"","background-repeat":"repeat","background-position":"center center","background-size":"auto","background-attachment":"scroll","background-type":"","background-media":"","overlay-type":"","overlay-color":"","overlay-opacity":"","overlay-gradient":""},"tablet":{"background-color":"var(--ast-global-color-5)","background-image":"","background-repeat":"repeat","background-position":"center center","background-size":"auto","background-attachment":"scroll","background-type":"","background-media":"","overlay-type":"","overlay-color":"","overlay-opacity":"","overlay-gradient":""},"mobile":{"background-color":"var(--ast-global-color-5)","background-image":"","background-repeat":"repeat","background-position":"center center","background-size":"auto","background-attachment":"scroll","background-type":"","background-media":"","overlay-type":"","overlay-color":"","overlay-opacity":"","overlay-gradient":""}}},"product_brand":[],"product_cat":[90],"product_tag":[],"class_list":{"0":"post-1799","1":"product","2":"type-product","3":"status-publish","4":"has-post-thumbnail","6":"product_cat-hoerbuecher","7":"desktop-align-center","8":"tablet-align-left","9":"mobile-align-left","10":"ast-product-gallery-layout-horizontal-slider","11":"ast-product-gallery-with-no-image","12":"ast-magnify-disabled","14":"first","15":"instock","16":"sale","17":"featured","18":"taxable","19":"shipping-taxable","20":"purchasable","21":"product-type-simple"},"_links":{"self":[{"href":"https:\/\/shop.zauberlounge.de\/en\/wp-json\/wp\/v2\/product\/1799","targetHints":{"allow":["GET"]}}],"collection":[{"href":"https:\/\/shop.zauberlounge.de\/en\/wp-json\/wp\/v2\/product"}],"about":[{"href":"https:\/\/shop.zauberlounge.de\/en\/wp-json\/wp\/v2\/types\/product"}],"replies":[{"embeddable":true,"href":"https:\/\/shop.zauberlounge.de\/en\/wp-json\/wp\/v2\/comments?post=1799"}],"version-history":[{"count":2,"href":"https:\/\/shop.zauberlounge.de\/en\/wp-json\/wp\/v2\/product\/1799\/revisions"}],"predecessor-version":[{"id":5481,"href":"https:\/\/shop.zauberlounge.de\/en\/wp-json\/wp\/v2\/product\/1799\/revisions\/5481"}],"wp:featuredmedia":[{"embeddable":true,"href":"https:\/\/shop.zauberlounge.de\/en\/wp-json\/wp\/v2\/media\/1800"}],"wp:attachment":[{"href":"https:\/\/shop.zauberlounge.de\/en\/wp-json\/wp\/v2\/media?parent=1799"}],"wp:term":[{"taxonomy":"product_brand","embeddable":true,"href":"https:\/\/shop.zauberlounge.de\/en\/wp-json\/wp\/v2\/product_brand?post=1799"},{"taxonomy":"product_cat","embeddable":true,"href":"https:\/\/shop.zauberlounge.de\/en\/wp-json\/wp\/v2\/product_cat?post=1799"},{"taxonomy":"product_tag","embeddable":true,"href":"https:\/\/shop.zauberlounge.de\/en\/wp-json\/wp\/v2\/product_tag?post=1799"}],"curies":[{"name":"wp","href":"https:\/\/api.w.org\/{rel}","templated":true}]}}