{"id":1794,"date":"2022-09-11T23:51:52","date_gmt":"2022-09-11T21:51:52","guid":{"rendered":"https:\/\/shop.zauberlounge.de\/?post_type=product&#038;p=1794"},"modified":"2022-12-11T00:42:06","modified_gmt":"2022-12-10T23:42:06","slug":"leichenblass-visionen","status":"publish","type":"product","link":"https:\/\/shop.zauberlounge.de\/en\/shop\/leichenblass-visionen\/","title":{"rendered":"Leichenblass<br \/>Visionen"},"content":{"rendered":"<div class=\"page\" title=\"Page 1\">\n<div class=\"section\">\n<div class=\"layoutArea\">\n<div class=\"column\">\n<h3>Visionen<\/h3>\n<p>&nbsp;<\/p>\n<p>Edward Barnes, Inspector beim neu gegr\u00fcndeten Metropolitan Police Department in London, wird mit der Aufkl\u00e4rung einer geheimnisvollen Mordserie beauftragt. Ausnahmslos Mitglieder des englischen Parlamentes werden auf grausame Art und Weise umgebracht.<br \/>\nIhm zur Seite steht der junge Journalist William Andrews. K\u00f6nigin Victoria h\u00f6chstpers\u00f6nlich hat ihn beauftragt, die Ermittlungen zu dokumentieren und f\u00fcr das k\u00f6nigliche Archiv zu bewahren. Bei den Recherchen sto\u00dfen die beiden auf eine dunkle und geheimnisvolle Welt voller Wahnvorstellungen und Visionen.<\/p>\n<p>Autor: Jan Dober<br \/>\nTaschenbuch; 74 Seiten<br \/>\nVer\u00f6ffentlichung: 15.10.2012<\/p>\n<p>ISBN: 978-3-00-039651-9<\/p>\n<\/div>\n<\/div>\n<\/div>\n<\/div>\n","protected":false},"excerpt":{"rendered":"<p>Edward Barnes, Inspector beim neu gegr\u00fcndeten Metropolitan Police Department in London, wird mit der Aufkl\u00e4rung einer geheimnisvollen Mordserie beauftragt. Ausnahmslos Mitglieder des englischen Parlamentes werden auf grausame Art und Weise umgebracht.<br \/>\nIhm zur Seite steht der junge Journalist William Andrews. K\u00f6nigin Victoria h\u00f6chstpers\u00f6nlich hat ihn beauftragt, die Ermittlungen zu dokumentieren und f\u00fcr das k\u00f6nigliche Archiv zu bewahren. Bei den Recherchen sto\u00dfen die beiden auf eine dunkle und geheimnisvolle Welt voller Wahnvorstellungen und Visionen.<\/p>\n<p>Autor: Jan Dober<br \/>\nTaschenbuch-Ausgaben; Seiten 74<br \/>\nVer\u00f6ffentlichung: 15.10.2012<\/p>\n<p>ISBN: 978-3-00-039651-9<\/p>\n","protected":false},"featured_media":4941,"comment_status":"open","ping_status":"closed","template":"","meta":{"site-sidebar-layout":"default","site-content-layout":"default","ast-site-content-layout":"","site-content-style":"default","site-sidebar-style":"default","ast-global-header-display":"","ast-banner-title-visibility":"","ast-main-header-display":"","ast-hfb-above-header-display":"","ast-hfb-below-header-display":"","ast-hfb-mobile-header-display":"","site-post-title":"","ast-breadcrumbs-content":"","ast-featured-img":"","footer-sml-layout":"","theme-transparent-header-meta":"default","adv-header-id-meta":"","stick-header-meta":"default","header-above-stick-meta":"","header-main-stick-meta":"","header-below-stick-meta":"","astra-migrate-meta-layouts":"default","ast-page-background-enabled":"default","ast-page-background-meta":{"desktop":{"background-color":"var(--ast-global-color-4)","background-image":"","background-repeat":"repeat","background-position":"center center","background-size":"auto","background-attachment":"scroll","background-type":"","background-media":"","overlay-type":"","overlay-color":"","overlay-opacity":"","overlay-gradient":""},"tablet":{"background-color":"","background-image":"","background-repeat":"repeat","background-position":"center center","background-size":"auto","background-attachment":"scroll","background-type":"","background-media":"","overlay-type":"","overlay-color":"","overlay-opacity":"","overlay-gradient":""},"mobile":{"background-color":"","background-image":"","background-repeat":"repeat","background-position":"center center","background-size":"auto","background-attachment":"scroll","background-type":"","background-media":"","overlay-type":"","overlay-color":"","overlay-opacity":"","overlay-gradient":""}},"ast-content-background-meta":{"desktop":{"background-color":"var(--ast-global-color-5)","background-image":"","background-repeat":"repeat","background-position":"center center","background-size":"auto","background-attachment":"scroll","background-type":"","background-media":"","overlay-type":"","overlay-color":"","overlay-opacity":"","overlay-gradient":""},"tablet":{"background-color":"var(--ast-global-color-5)","background-image":"","background-repeat":"repeat","background-position":"center center","background-size":"auto","background-attachment":"scroll","background-type":"","background-media":"","overlay-type":"","overlay-color":"","overlay-opacity":"","overlay-gradient":""},"mobile":{"background-color":"var(--ast-global-color-5)","background-image":"","background-repeat":"repeat","background-position":"center center","background-size":"auto","background-attachment":"scroll","background-type":"","background-media":"","overlay-type":"","overlay-color":"","overlay-opacity":"","overlay-gradient":""}}},"product_brand":[],"product_cat":[89],"product_tag":[],"class_list":{"0":"post-1794","1":"product","2":"type-product","3":"status-publish","4":"has-post-thumbnail","6":"product_cat-buecher","7":"desktop-align-center","8":"tablet-align-left","9":"mobile-align-left","10":"ast-product-gallery-layout-horizontal-slider","11":"ast-product-gallery-with-no-image","12":"ast-magnify-disabled","14":"first","15":"instock","16":"sale","17":"featured","18":"taxable","19":"shipping-taxable","20":"purchasable","21":"product-type-simple"},"_links":{"self":[{"href":"https:\/\/shop.zauberlounge.de\/en\/wp-json\/wp\/v2\/product\/1794","targetHints":{"allow":["GET"]}}],"collection":[{"href":"https:\/\/shop.zauberlounge.de\/en\/wp-json\/wp\/v2\/product"}],"about":[{"href":"https:\/\/shop.zauberlounge.de\/en\/wp-json\/wp\/v2\/types\/product"}],"replies":[{"embeddable":true,"href":"https:\/\/shop.zauberlounge.de\/en\/wp-json\/wp\/v2\/comments?post=1794"}],"version-history":[{"count":2,"href":"https:\/\/shop.zauberlounge.de\/en\/wp-json\/wp\/v2\/product\/1794\/revisions"}],"predecessor-version":[{"id":5473,"href":"https:\/\/shop.zauberlounge.de\/en\/wp-json\/wp\/v2\/product\/1794\/revisions\/5473"}],"wp:featuredmedia":[{"embeddable":true,"href":"https:\/\/shop.zauberlounge.de\/en\/wp-json\/wp\/v2\/media\/4941"}],"wp:attachment":[{"href":"https:\/\/shop.zauberlounge.de\/en\/wp-json\/wp\/v2\/media?parent=1794"}],"wp:term":[{"taxonomy":"product_brand","embeddable":true,"href":"https:\/\/shop.zauberlounge.de\/en\/wp-json\/wp\/v2\/product_brand?post=1794"},{"taxonomy":"product_cat","embeddable":true,"href":"https:\/\/shop.zauberlounge.de\/en\/wp-json\/wp\/v2\/product_cat?post=1794"},{"taxonomy":"product_tag","embeddable":true,"href":"https:\/\/shop.zauberlounge.de\/en\/wp-json\/wp\/v2\/product_tag?post=1794"}],"curies":[{"name":"wp","href":"https:\/\/api.w.org\/{rel}","templated":true}]}}